{"id":81,"date":"2026-01-06T02:28:34","date_gmt":"2026-01-06T02:28:34","guid":{"rendered":"https:\/\/bullmarket.com.co\/?page_id=81"},"modified":"2026-02-22T11:45:26","modified_gmt":"2026-02-22T16:45:26","slug":"contacto","status":"publish","type":"page","link":"https:\/\/bullmarket.com.co\/en\/contacto\/","title":{"rendered":"Contact"},"content":{"rendered":"\t\t<div data-elementor-type=\"wp-page\" data-elementor-id=\"81\" class=\"elementor elementor-81\" data-elementor-post-type=\"page\">\n\t\t\t\t<div class=\"elementor-element elementor-element-1273bce e-flex e-con-boxed e-con e-parent\" data-id=\"1273bce\" data-element_type=\"container\" data-e-type=\"container\" data-settings=\"{&quot;background_background&quot;:&quot;classic&quot;}\">\n\t\t\t\t\t<div class=\"e-con-inner\">\n\t\t<div class=\"elementor-element elementor-element-016a8fa e-con-full e-flex e-con e-child\" data-id=\"016a8fa\" data-element_type=\"container\" data-e-type=\"container\">\n\t\t\t\t<div class=\"elementor-element elementor-element-4794fdf elementor-widget elementor-widget-heading\" data-id=\"4794fdf\" data-element_type=\"widget\" data-e-type=\"widget\" data-widget_type=\"heading.default\">\n\t\t\t\t\t<h2 class=\"elementor-heading-title elementor-size-default\"><span class=\"grad-h2\">Agende un sesi\u00f3n de consultor\u00eda.<\/span><\/h2>\t\t\t\t<\/div>\n\t\t\t\t<div class=\"elementor-element elementor-element-1247242 elementor-widget elementor-widget-text-editor\" data-id=\"1247242\" data-element_type=\"widget\" data-e-type=\"widget\" data-widget_type=\"text-editor.default\">\n\t\t\t\t\t\t\t\t\t<p class=\"p1\">Cu\u00e9ntenos su contexto en 60 segundos. Le respondemos con un plan de pr\u00f3ximos pasos y, si hay fit, agendamos una llamada de 15 minutos. Si su caso requiere confidencialidad, firmamos NDA antes de solicitar informaci\u00f3n sensible.<\/p>\t\t\t\t\t\t\t\t<\/div>\n\t\t\t\t<div class=\"elementor-element elementor-element-2b769b3 elementor-widget elementor-widget-text-editor\" data-id=\"2b769b3\" data-element_type=\"widget\" data-e-type=\"widget\" data-widget_type=\"text-editor.default\">\n\t\t\t\t\t\t\t\t\t<p class=\"p1\">Sin costo. Sin compromiso. Respuesta en menos de 24 horas h\u00e1biles.<\/p>\t\t\t\t\t\t\t\t<\/div>\n\t\t<div class=\"elementor-element elementor-element-6118ec8 e-con-full e-grid e-con e-child\" data-id=\"6118ec8\" data-element_type=\"container\" data-e-type=\"container\">\n\t\t<div class=\"elementor-element elementor-element-ba99c00 e-con-full e-flex e-con e-child\" data-id=\"ba99c00\" data-element_type=\"container\" data-e-type=\"container\">\n\t\t\t\t<div class=\"elementor-element elementor-element-b50f923 elementor-widget elementor-widget-heading\" data-id=\"b50f923\" data-element_type=\"widget\" data-e-type=\"widget\" data-widget_type=\"heading.default\">\n\t\t\t\t\t<h4 class=\"elementor-heading-title elementor-size-default\">Qu\u00e9 obtiene en la sesi\u00f3n:<\/h4>\t\t\t\t<\/div>\n\t\t\t\t<div class=\"elementor-element elementor-element-db871dc elementor-widget elementor-widget-text-editor\" data-id=\"db871dc\" data-element_type=\"widget\" data-e-type=\"widget\" data-widget_type=\"text-editor.default\">\n\t\t\t\t\t\t\t\t\t<ul class=\"bma-list\"><li class=\"p\"><span class=\"strong\">Priorizaci\u00f3n: <\/span><span class=\"muted\">qu\u00e9 atacar primero (caja, m\u00e1rgenes o control).<\/span><\/li><li class=\"g\"><span class=\"strong\">Hip\u00f3tesis y m\u00e9tricas: <\/span><span class=\"muted\">qu\u00e9 medir y con qu\u00e9 frecuencia.<\/span><\/li><li class=\"p\"><span class=\"strong\">Siguiente paso recomendado: <\/span><span class=\"muted\">diagn\u00f3stico, tablero o modelo financiero.<\/span><\/li><li class=\"g\"><span class=\"strong\">Alcance estimado y tiempos realistas. <\/span><\/li><\/ul>\t\t\t\t\t\t\t\t<\/div>\n\t\t\t\t<\/div>\n\t\t\t\t<div class=\"elementor-element elementor-element-400a36f elementor-widget__width-initial elementor-button-align-stretch elementor-widget elementor-widget-form\" data-id=\"400a36f\" data-element_type=\"widget\" data-e-type=\"widget\" data-settings=\"{&quot;button_width&quot;:&quot;70&quot;,&quot;step_next_label&quot;:&quot;Next&quot;,&quot;step_previous_label&quot;:&quot;Previous&quot;,&quot;step_type&quot;:&quot;number_text&quot;,&quot;step_icon_shape&quot;:&quot;circle&quot;}\" data-widget_type=\"form.default\">\n\t\t\t\t\t\t\t<form class=\"elementor-form\" method=\"post\" name=\"Contacto Form\" aria-label=\"Contacto Form\">\n\t\t\t<input type=\"hidden\" name=\"post_id\" value=\"81\"\/>\n\t\t\t<input type=\"hidden\" name=\"form_id\" value=\"400a36f\"\/>\n\t\t\t<input type=\"hidden\" name=\"referer_title\" value=\"Contacto - Bull Market Advisors\" \/>\n\n\t\t\t\t\t\t\t<input type=\"hidden\" name=\"queried_id\" value=\"81\"\/>\n\t\t\t\n\t\t\t<div class=\"elementor-form-fields-wrapper elementor-labels-above\">\n\t\t\t\t\t\t\t\t<div class=\"elementor-field-type-text elementor-field-group elementor-column elementor-field-group-name elementor-col-100 elementor-field-required elementor-mark-required\">\n\t\t\t\t\t\t\t\t\t\t\t\t<label for=\"form-field-name\" class=\"elementor-field-label\">\n\t\t\t\t\t\t\t\tNombre\t\t\t\t\t\t\t<\/label>\n\t\t\t\t\t\t\t\t\t\t\t\t\t\t<input size=\"1\" type=\"text\" name=\"form_fields[name]\" id=\"form-field-name\" class=\"elementor-field elementor-size-sm  elementor-field-textual\" placeholder=\"Nombre\" required=\"required\">\n\t\t\t\t\t\t\t\t\t\t\t<\/div>\n\t\t\t\t\t\t\t\t<div class=\"elementor-field-type-email elementor-field-group elementor-column elementor-field-group-email elementor-col-100 elementor-field-required elementor-mark-required\">\n\t\t\t\t\t\t\t\t\t\t\t\t<label for=\"form-field-email\" class=\"elementor-field-label\">\n\t\t\t\t\t\t\t\tEmail Corporativo\t\t\t\t\t\t\t<\/label>\n\t\t\t\t\t\t\t\t\t\t\t\t\t\t<input size=\"1\" type=\"email\" name=\"form_fields[email]\" id=\"form-field-email\" class=\"elementor-field elementor-size-sm  elementor-field-textual\" placeholder=\"Email Corporativo\" required=\"required\">\n\t\t\t\t\t\t\t\t\t\t\t<\/div>\n\t\t\t\t\t\t\t\t<div class=\"elementor-field-type-text elementor-field-group elementor-column elementor-field-group-field_526fe15 elementor-col-100 elementor-field-required elementor-mark-required\">\n\t\t\t\t\t\t\t\t\t\t\t\t<label for=\"form-field-field_526fe15\" class=\"elementor-field-label\">\n\t\t\t\t\t\t\t\tEmpresa\t\t\t\t\t\t\t<\/label>\n\t\t\t\t\t\t\t\t\t\t\t\t\t\t<input size=\"1\" type=\"text\" name=\"form_fields[field_526fe15]\" id=\"form-field-field_526fe15\" class=\"elementor-field elementor-size-sm  elementor-field-textual\" placeholder=\"Empresa\" required=\"required\">\n\t\t\t\t\t\t\t\t\t\t\t<\/div>\n\t\t\t\t\t\t\t\t<div class=\"elementor-field-type-text elementor-field-group elementor-column elementor-field-group-field_a08d0fb elementor-col-100 elementor-field-required elementor-mark-required\">\n\t\t\t\t\t\t\t\t\t\t\t\t<label for=\"form-field-field_a08d0fb\" class=\"elementor-field-label\">\n\t\t\t\t\t\t\t\tCargo\t\t\t\t\t\t\t<\/label>\n\t\t\t\t\t\t\t\t\t\t\t\t\t\t<input size=\"1\" type=\"text\" name=\"form_fields[field_a08d0fb]\" id=\"form-field-field_a08d0fb\" class=\"elementor-field elementor-size-sm  elementor-field-textual\" placeholder=\"Cargo\" required=\"required\">\n\t\t\t\t\t\t\t\t\t\t\t<\/div>\n\t\t\t\t\t\t\t\t<div class=\"elementor-field-type-select elementor-field-group elementor-column elementor-field-group-field_dae38d8 elementor-col-100 elementor-field-type-select-multiple elementor-field-required elementor-mark-required\">\n\t\t\t\t\t\t\t\t\t\t\t\t<label for=\"form-field-field_dae38d8\" class=\"elementor-field-label\">\n\t\t\t\t\t\t\t\tNecesidad\t\t\t\t\t\t\t<\/label>\n\t\t\t\t\t\t\t\t<div class=\"elementor-field elementor-select-wrapper remove-before \">\n\t\t\t<div class=\"select-caret-down-wrapper\">\n\t\t\t\t\t\t\t<\/div>\n\t\t\t<select name=\"form_fields[field_dae38d8][]\" id=\"form-field-field_dae38d8\" class=\"elementor-field-textual elementor-size-sm\" required=\"required\" multiple=\"\" size=\"8\">\n\t\t\t\t\t\t\t\t\t<option value=\"Flujo de caja \/ liquidez\">Flujo de caja \/ liquidez<\/option>\n\t\t\t\t\t\t\t\t\t<option value=\"Rentabilidad y m\u00e1rgenes\">Rentabilidad y m\u00e1rgenes<\/option>\n\t\t\t\t\t\t\t\t\t<option value=\"Costos y pricing\">Costos y pricing<\/option>\n\t\t\t\t\t\t\t\t\t<option value=\"Presupuesto y control de gasto\">Presupuesto y control de gasto<\/option>\n\t\t\t\t\t\t\t\t\t<option value=\"KPIs \/ tableros \/ reporting\">KPIs \/ tableros \/ reporting<\/option>\n\t\t\t\t\t\t\t\t\t<option value=\"Proyectos e inversiones\">Proyectos e inversiones<\/option>\n\t\t\t\t\t\t\t\t\t<option value=\"Reorganizaci\u00f3n \/ disciplina financiera\">Reorganizaci\u00f3n \/ disciplina financiera<\/option>\n\t\t\t\t\t\t\t\t\t<option value=\"Otro\">Otro<\/option>\n\t\t\t\t\t\t\t<\/select>\n\t\t<\/div>\n\t\t\t\t\t\t<\/div>\n\t\t\t\t\t\t\t\t<div class=\"elementor-field-type-textarea elementor-field-group elementor-column elementor-field-group-message elementor-col-100\">\n\t\t\t\t\t\t\t\t\t\t\t\t<label for=\"form-field-message\" class=\"elementor-field-label\">\n\t\t\t\t\t\t\t\tMessage\t\t\t\t\t\t\t<\/label>\n\t\t\t\t\t\t<textarea class=\"elementor-field-textual elementor-field  elementor-size-sm\" name=\"form_fields[message]\" id=\"form-field-message\" rows=\"4\" placeholder=\"Message\"><\/textarea>\t\t\t\t<\/div>\n\t\t\t\t\t\t\t\t<div class=\"elementor-field-type-checkbox elementor-field-group elementor-column elementor-field-group-field_ef9b474 elementor-col-100\">\n\t\t\t\t\t\t\t\t\t\t\t\t<label for=\"form-field-field_ef9b474\" class=\"elementor-field-label\">\n\t\t\t\t\t\t\t\tPol\u00edtica de datos\t\t\t\t\t\t\t<\/label>\n\t\t\t\t\t\t<div class=\"elementor-field-subgroup  elementor-subgroup-inline\"><span class=\"elementor-field-option\"><input type=\"checkbox\" value=\"Autorizo el tratamiento de mis datos seg\u00fan la Pol\u00edtica de Tratamiento.\" id=\"form-field-field_ef9b474-0\" name=\"form_fields[field_ef9b474]\"> <label for=\"form-field-field_ef9b474-0\">Autorizo el tratamiento de mis datos seg\u00fan la Pol\u00edtica de Tratamiento.<\/label><\/span><\/div>\t\t\t\t<\/div>\n\t\t\t\t\t\t\t\t<div class=\"elementor-field-group elementor-column elementor-field-type-submit elementor-col-70 e-form__buttons\">\n\t\t\t\t\t<button class=\"elementor-button elementor-size-sm\" type=\"submit\">\n\t\t\t\t\t\t<span class=\"elementor-button-content-wrapper\">\n\t\t\t\t\t\t\t\t\t\t\t\t\t\t\t\t\t\t\t\t\t\t<span class=\"elementor-button-text\">Solicitar diagn\u00f3stico<\/span>\n\t\t\t\t\t\t\t\t\t\t\t\t\t<\/span>\n\t\t\t\t\t<\/button>\n\t\t\t\t<\/div>\n\t\t\t<\/div>\n\t\t<\/form>\n\t\t\t\t\t\t<\/div>\n\t\t\t\t<\/div>\n\t\t\t\t<\/div>\n\t\t\t\t\t<\/div>\n\t\t\t\t<\/div>\n\t\t\t\t<\/div>\n\t\t","protected":false},"excerpt":{"rendered":"<p>Agende un sesi\u00f3n de consultor\u00eda. Cu\u00e9ntenos su contexto en 60 segundos. Le respondemos con un plan de pr\u00f3ximos pasos y, si hay fit, agendamos una llamada de 15 minutos. Si su caso requiere confidencialidad, firmamos NDA antes de solicitar informaci\u00f3n sensible. Sin costo. Sin compromiso. Respuesta en menos de 24 horas h\u00e1biles. Qu\u00e9 obtiene en [&hellip;]<\/p>\n","protected":false},"author":1,"featured_media":0,"parent":0,"menu_order":0,"comment_status":"closed","ping_status":"closed","template":"elementor_header_footer","meta":{"_joinchat":[],"footnotes":""},"class_list":["post-81","page","type-page","status-publish","hentry"],"yoast_head":"<!-- This site is optimized with the Yoast SEO plugin v27.4 - https:\/\/yoast.com\/product\/yoast-seo-wordpress\/ -->\n<title>Contacto - Bull Market Advisors<\/title>\n<meta name=\"robots\" content=\"index, follow, max-snippet:-1, max-image-preview:large, max-video-preview:-1\" \/>\n<link rel=\"canonical\" href=\"https:\/\/bullmarket.com.co\/en\/contacto\/\" \/>\n<meta property=\"og:locale\" content=\"en_US\" \/>\n<meta property=\"og:type\" content=\"article\" \/>\n<meta property=\"og:title\" content=\"Contacto - Bull Market Advisors\" \/>\n<meta property=\"og:description\" content=\"Agende un sesi\u00f3n de consultor\u00eda. Cu\u00e9ntenos su contexto en 60 segundos. Le respondemos con un plan de pr\u00f3ximos pasos y, si hay fit, agendamos una llamada de 15 minutos. Si su caso requiere confidencialidad, firmamos NDA antes de solicitar informaci\u00f3n sensible. Sin costo. Sin compromiso. Respuesta en menos de 24 horas h\u00e1biles. Qu\u00e9 obtiene en [&hellip;]\" \/>\n<meta property=\"og:url\" content=\"https:\/\/bullmarket.com.co\/en\/contacto\/\" \/>\n<meta property=\"og:site_name\" content=\"Bull Market Advisors\" \/>\n<meta property=\"article:modified_time\" content=\"2026-02-22T16:45:26+00:00\" \/>\n<meta name=\"twitter:card\" content=\"summary_large_image\" \/>\n<meta name=\"twitter:label1\" content=\"Est. reading time\" \/>\n\t<meta name=\"twitter:data1\" content=\"1 minute\" \/>\n<script type=\"application\/ld+json\" class=\"yoast-schema-graph\">{\"@context\":\"https:\\\/\\\/schema.org\",\"@graph\":[{\"@type\":\"WebPage\",\"@id\":\"https:\\\/\\\/bullmarket.com.co\\\/contacto\\\/\",\"url\":\"https:\\\/\\\/bullmarket.com.co\\\/contacto\\\/\",\"name\":\"Contacto - Bull Market Advisors\",\"isPartOf\":{\"@id\":\"https:\\\/\\\/bullmarket.com.co\\\/#website\"},\"datePublished\":\"2026-01-06T02:28:34+00:00\",\"dateModified\":\"2026-02-22T16:45:26+00:00\",\"breadcrumb\":{\"@id\":\"https:\\\/\\\/bullmarket.com.co\\\/contacto\\\/#breadcrumb\"},\"inLanguage\":\"en-US\",\"potentialAction\":[{\"@type\":\"ReadAction\",\"target\":[\"https:\\\/\\\/bullmarket.com.co\\\/contacto\\\/\"]}]},{\"@type\":\"BreadcrumbList\",\"@id\":\"https:\\\/\\\/bullmarket.com.co\\\/contacto\\\/#breadcrumb\",\"itemListElement\":[{\"@type\":\"ListItem\",\"position\":1,\"name\":\"Inicio\",\"item\":\"https:\\\/\\\/bullmarket.com.co\\\/\"},{\"@type\":\"ListItem\",\"position\":2,\"name\":\"Contacto\"}]},{\"@type\":\"WebSite\",\"@id\":\"https:\\\/\\\/bullmarket.com.co\\\/#website\",\"url\":\"https:\\\/\\\/bullmarket.com.co\\\/\",\"name\":\"Bull Market Advisors\",\"description\":\"Direcci\u00f3n financiera ejecutiva, sin contratar un CFO en n\u00f3mina\",\"publisher\":{\"@id\":\"https:\\\/\\\/bullmarket.com.co\\\/#organization\"},\"alternateName\":\"Direcci\u00f3n Financiera Externa\",\"potentialAction\":[{\"@type\":\"SearchAction\",\"target\":{\"@type\":\"EntryPoint\",\"urlTemplate\":\"https:\\\/\\\/bullmarket.com.co\\\/?s={search_term_string}\"},\"query-input\":{\"@type\":\"PropertyValueSpecification\",\"valueRequired\":true,\"valueName\":\"search_term_string\"}}],\"inLanguage\":\"en-US\"},{\"@type\":\"Organization\",\"@id\":\"https:\\\/\\\/bullmarket.com.co\\\/#organization\",\"name\":\"Bull Market Advisors\",\"alternateName\":\"BMA | CFO Services\",\"url\":\"https:\\\/\\\/bullmarket.com.co\\\/\",\"logo\":{\"@type\":\"ImageObject\",\"inLanguage\":\"en-US\",\"@id\":\"https:\\\/\\\/bullmarket.com.co\\\/#\\\/schema\\\/logo\\\/image\\\/\",\"url\":\"https:\\\/\\\/bullmarket.com.co\\\/wp-content\\\/uploads\\\/logo-BMA-horizontal-05_1.webp\",\"contentUrl\":\"https:\\\/\\\/bullmarket.com.co\\\/wp-content\\\/uploads\\\/logo-BMA-horizontal-05_1.webp\",\"width\":971,\"height\":512,\"caption\":\"Bull Market Advisors\"},\"image\":{\"@id\":\"https:\\\/\\\/bullmarket.com.co\\\/#\\\/schema\\\/logo\\\/image\\\/\"}}]}<\/script>\n<!-- \/ Yoast SEO plugin. -->","yoast_head_json":{"title":"Contacto - Bull Market Advisors","robots":{"index":"index","follow":"follow","max-snippet":"max-snippet:-1","max-image-preview":"max-image-preview:large","max-video-preview":"max-video-preview:-1"},"canonical":"https:\/\/bullmarket.com.co\/en\/contacto\/","og_locale":"en_US","og_type":"article","og_title":"Contacto - Bull Market Advisors","og_description":"Agende un sesi\u00f3n de consultor\u00eda. Cu\u00e9ntenos su contexto en 60 segundos. Le respondemos con un plan de pr\u00f3ximos pasos y, si hay fit, agendamos una llamada de 15 minutos. Si su caso requiere confidencialidad, firmamos NDA antes de solicitar informaci\u00f3n sensible. Sin costo. Sin compromiso. Respuesta en menos de 24 horas h\u00e1biles. Qu\u00e9 obtiene en [&hellip;]","og_url":"https:\/\/bullmarket.com.co\/en\/contacto\/","og_site_name":"Bull Market Advisors","article_modified_time":"2026-02-22T16:45:26+00:00","twitter_card":"summary_large_image","twitter_misc":{"Est. reading time":"1 minute"},"schema":{"@context":"https:\/\/schema.org","@graph":[{"@type":"WebPage","@id":"https:\/\/bullmarket.com.co\/contacto\/","url":"https:\/\/bullmarket.com.co\/contacto\/","name":"Contacto - Bull Market Advisors","isPartOf":{"@id":"https:\/\/bullmarket.com.co\/#website"},"datePublished":"2026-01-06T02:28:34+00:00","dateModified":"2026-02-22T16:45:26+00:00","breadcrumb":{"@id":"https:\/\/bullmarket.com.co\/contacto\/#breadcrumb"},"inLanguage":"en-US","potentialAction":[{"@type":"ReadAction","target":["https:\/\/bullmarket.com.co\/contacto\/"]}]},{"@type":"BreadcrumbList","@id":"https:\/\/bullmarket.com.co\/contacto\/#breadcrumb","itemListElement":[{"@type":"ListItem","position":1,"name":"Inicio","item":"https:\/\/bullmarket.com.co\/"},{"@type":"ListItem","position":2,"name":"Contacto"}]},{"@type":"WebSite","@id":"https:\/\/bullmarket.com.co\/#website","url":"https:\/\/bullmarket.com.co\/","name":"Bull Market Advisors","description":"Direcci\u00f3n financiera ejecutiva, sin contratar un CFO en n\u00f3mina","publisher":{"@id":"https:\/\/bullmarket.com.co\/#organization"},"alternateName":"Direcci\u00f3n Financiera Externa","potentialAction":[{"@type":"SearchAction","target":{"@type":"EntryPoint","urlTemplate":"https:\/\/bullmarket.com.co\/?s={search_term_string}"},"query-input":{"@type":"PropertyValueSpecification","valueRequired":true,"valueName":"search_term_string"}}],"inLanguage":"en-US"},{"@type":"Organization","@id":"https:\/\/bullmarket.com.co\/#organization","name":"Bull Market Advisors","alternateName":"BMA | CFO Services","url":"https:\/\/bullmarket.com.co\/","logo":{"@type":"ImageObject","inLanguage":"en-US","@id":"https:\/\/bullmarket.com.co\/#\/schema\/logo\/image\/","url":"https:\/\/bullmarket.com.co\/wp-content\/uploads\/logo-BMA-horizontal-05_1.webp","contentUrl":"https:\/\/bullmarket.com.co\/wp-content\/uploads\/logo-BMA-horizontal-05_1.webp","width":971,"height":512,"caption":"Bull Market Advisors"},"image":{"@id":"https:\/\/bullmarket.com.co\/#\/schema\/logo\/image\/"}}]}},"_links":{"self":[{"href":"https:\/\/bullmarket.com.co\/en\/wp-json\/wp\/v2\/pages\/81","targetHints":{"allow":["GET"]}}],"collection":[{"href":"https:\/\/bullmarket.com.co\/en\/wp-json\/wp\/v2\/pages"}],"about":[{"href":"https:\/\/bullmarket.com.co\/en\/wp-json\/wp\/v2\/types\/page"}],"author":[{"embeddable":true,"href":"https:\/\/bullmarket.com.co\/en\/wp-json\/wp\/v2\/users\/1"}],"replies":[{"embeddable":true,"href":"https:\/\/bullmarket.com.co\/en\/wp-json\/wp\/v2\/comments?post=81"}],"version-history":[{"count":25,"href":"https:\/\/bullmarket.com.co\/en\/wp-json\/wp\/v2\/pages\/81\/revisions"}],"predecessor-version":[{"id":612,"href":"https:\/\/bullmarket.com.co\/en\/wp-json\/wp\/v2\/pages\/81\/revisions\/612"}],"wp:attachment":[{"href":"https:\/\/bullmarket.com.co\/en\/wp-json\/wp\/v2\/media?parent=81"}],"curies":[{"name":"wp","href":"https:\/\/api.w.org\/{rel}","templated":true}]}}